{"id":1817,"date":"2014-05-31T16:44:24","date_gmt":"2014-05-31T16:44:24","guid":{"rendered":"http:\/\/savonnerie.be\/factory\/?page_id=1817"},"modified":"2020-04-25T10:07:31","modified_gmt":"2020-04-25T10:07:31","slug":"qualitysoap","status":"publish","type":"page","link":"https:\/\/savonnerie.be\/factory\/qualitysoap\/","title":{"rendered":"<i>Quality<\/i> &#038; tradition"},"content":{"rendered":"<div class=\"medium story-image\"><img loading=\"lazy\" decoding=\"async\" width=\"1440\" height=\"1280\" class=\"aligncenter size-full wp-image-1804\" src=\"http:\/\/savonnerie.be\/factory\/wp-content\/uploads\/2014\/03\/entryfactory.jpg\" alt=\"brussels belgium entry savonneries bruxelloises factory\" srcset=\"https:\/\/savonnerie.be\/factory\/wp-content\/uploads\/2014\/03\/entryfactory.jpg 1440w, https:\/\/savonnerie.be\/factory\/wp-content\/uploads\/2014\/03\/entryfactory-599x533.jpg 599w, https:\/\/savonnerie.be\/factory\/wp-content\/uploads\/2014\/03\/entryfactory-1024x910.jpg 1024w, https:\/\/savonnerie.be\/factory\/wp-content\/uploads\/2014\/03\/entryfactory-624x554.jpg 624w\" sizes=\"auto, (max-width: 1440px) 100vw, 1440px\" \/><\/div>\n<div class=\"story part-two light_bloc medium \">\n<h1>A Savonneries Bruxelloises&nbsp;<i>story<\/i><\/h1>\n<ul>\n<li><strong>1922<\/strong><\/li>\n<li>The Karak Soap and Perfumery Works was founded<br>by Emile Collin (Industrial born in 1873) and Alexis Huylenbroeck<br>(perfumer born in 1865)<\/li>\n<li><strong>1926<\/strong><\/li>\n<li>Karak produces their first soaps 27 Ed.Tollenaere street in Brussels<\/li>\n<li><strong>1953<\/strong><\/li>\n<li>Henri Nanson creates the sprl Nouvelles Savonneries Bruxelloises bvba<\/li>\n<li><strong>1983<\/strong><\/li>\n<li>SA Savonneries Bruxelloises NV owned by Roland Nanson<\/li>\n<li><strong>1993<\/strong><\/li>\n<li>SA Savonneries Bruxelloises NV owned by Vincent Laurencin &amp; Fran\u00e7ois Van de Velde<\/li>\n<li><strong>2010<\/strong><\/li>\n<li>Rebranding of Savonneries Bruxelloises own line<\/li>\n<li><strong>2016<\/strong><\/li>\n<li>Promoted Belgian Warrant Holder &#8211; Fournisseur Brevet\u00e9 de la Cour &#8211; Hofleverancier van Belgi\u00eb &#8211; Hoflieferanten des Belgischen K\u00f6nigshauses<\/li>\n<li><strong>2019<\/strong><\/li>\n<li>Maxime Pecsteen &amp; Maxime de Villenfagne joined Savonneries Bruxelloises<\/li>\n<li><strong>Today<\/strong><\/li>\n<li>Still making beautiful soaps and developing new projects such as solid shampoo bars!<\/li>\n<\/ul>\n<\/div>\n\n\n<p><\/p>\n","protected":false},"excerpt":{"rendered":"<p>Founded in the early twentieth century, Savonneries Bruxelloises has over the years, established itself as Belgium\u2019s premier soap maker. We are located in the heart of beautiful Brussels and still in the original building where the company was founded. We use only traditional methods of manufacture and only the finest of fragrances.<br \/>\nWe are exporting more than 75% of our production to almost all European Countries, to the Middle East, the Far East and to North America.<\/p>\n","protected":false},"author":3,"featured_media":0,"parent":0,"menu_order":0,"comment_status":"closed","ping_status":"closed","template":"page-templates\/page-story.php","meta":{"_exactmetrics_skip_tracking":false,"_exactmetrics_sitenote_active":false,"_exactmetrics_sitenote_note":"","_exactmetrics_sitenote_category":0,"footnotes":""},"class_list":["post-1817","page","type-page","status-publish","hentry"],"yoast_head":"<!-- This site is optimized with the Yoast SEO plugin v25.2 - https:\/\/yoast.com\/wordpress\/plugins\/seo\/ -->\n<title>Quality &amp; tradition - Savonneries Bruxelloises<\/title>\n<meta name=\"description\" content=\"Savonneries Bruxelloises has over the years established itself as Belgium\u2019s premier soap maker. Traditional methods of manufacture and finest of fragrances.\" \/>\n<meta name=\"robots\" content=\"index, follow, max-snippet:-1, max-image-preview:large, max-video-preview:-1\" \/>\n<link rel=\"canonical\" href=\"https:\/\/savonnerie.be\/factory\/qualitysoap\/\" \/>\n<meta property=\"og:locale\" content=\"en_US\" \/>\n<meta property=\"og:type\" content=\"article\" \/>\n<meta property=\"og:title\" content=\"Quality &amp; tradition - Savonneries Bruxelloises\" \/>\n<meta property=\"og:description\" content=\"Savonneries Bruxelloises has over the years established itself as Belgium\u2019s premier soap maker. Traditional methods of manufacture and finest of fragrances.\" \/>\n<meta property=\"og:url\" content=\"https:\/\/savonnerie.be\/factory\/qualitysoap\/\" \/>\n<meta property=\"og:site_name\" content=\"Savonneries Bruxelloises\" \/>\n<meta property=\"article:modified_time\" content=\"2020-04-25T10:07:31+00:00\" \/>\n<meta property=\"og:image\" content=\"http:\/\/savonnerie.be\/factory\/wp-content\/uploads\/2014\/03\/entryfactory.jpg\" \/>\n<meta name=\"twitter:label1\" content=\"Est. reading time\" \/>\n\t<meta name=\"twitter:data1\" content=\"1 minute\" \/>\n<script type=\"application\/ld+json\" class=\"yoast-schema-graph\">{\"@context\":\"https:\/\/schema.org\",\"@graph\":[{\"@type\":\"WebPage\",\"@id\":\"https:\/\/savonnerie.be\/factory\/qualitysoap\/\",\"url\":\"https:\/\/savonnerie.be\/factory\/qualitysoap\/\",\"name\":\"Quality & tradition - Savonneries Bruxelloises\",\"isPartOf\":{\"@id\":\"https:\/\/savonnerie.be\/factory\/#website\"},\"primaryImageOfPage\":{\"@id\":\"https:\/\/savonnerie.be\/factory\/qualitysoap\/#primaryimage\"},\"image\":{\"@id\":\"https:\/\/savonnerie.be\/factory\/qualitysoap\/#primaryimage\"},\"thumbnailUrl\":\"http:\/\/savonnerie.be\/factory\/wp-content\/uploads\/2014\/03\/entryfactory.jpg\",\"datePublished\":\"2014-05-31T16:44:24+00:00\",\"dateModified\":\"2020-04-25T10:07:31+00:00\",\"description\":\"Savonneries Bruxelloises has over the years established itself as Belgium\u2019s premier soap maker. Traditional methods of manufacture and finest of fragrances.\",\"breadcrumb\":{\"@id\":\"https:\/\/savonnerie.be\/factory\/qualitysoap\/#breadcrumb\"},\"inLanguage\":\"en-US\",\"potentialAction\":[{\"@type\":\"ReadAction\",\"target\":[\"https:\/\/savonnerie.be\/factory\/qualitysoap\/\"]}]},{\"@type\":\"ImageObject\",\"inLanguage\":\"en-US\",\"@id\":\"https:\/\/savonnerie.be\/factory\/qualitysoap\/#primaryimage\",\"url\":\"http:\/\/savonnerie.be\/factory\/wp-content\/uploads\/2014\/03\/entryfactory.jpg\",\"contentUrl\":\"http:\/\/savonnerie.be\/factory\/wp-content\/uploads\/2014\/03\/entryfactory.jpg\"},{\"@type\":\"BreadcrumbList\",\"@id\":\"https:\/\/savonnerie.be\/factory\/qualitysoap\/#breadcrumb\",\"itemListElement\":[{\"@type\":\"ListItem\",\"position\":1,\"name\":\"Home\",\"item\":\"https:\/\/savonnerie.be\/factory\/\"},{\"@type\":\"ListItem\",\"position\":2,\"name\":\"Quality &#038; tradition\"}]},{\"@type\":\"WebSite\",\"@id\":\"https:\/\/savonnerie.be\/factory\/#website\",\"url\":\"https:\/\/savonnerie.be\/factory\/\",\"name\":\"Savonneries Bruxelloises\",\"description\":\"Soap manufacturer Brussels\",\"potentialAction\":[{\"@type\":\"SearchAction\",\"target\":{\"@type\":\"EntryPoint\",\"urlTemplate\":\"https:\/\/savonnerie.be\/factory\/?s={search_term_string}\"},\"query-input\":{\"@type\":\"PropertyValueSpecification\",\"valueRequired\":true,\"valueName\":\"search_term_string\"}}],\"inLanguage\":\"en-US\"}]}<\/script>\n<!-- \/ Yoast SEO plugin. -->","yoast_head_json":{"title":"Quality & tradition - Savonneries Bruxelloises","description":"Savonneries Bruxelloises has over the years established itself as Belgium\u2019s premier soap maker. Traditional methods of manufacture and finest of fragrances.","robots":{"index":"index","follow":"follow","max-snippet":"max-snippet:-1","max-image-preview":"max-image-preview:large","max-video-preview":"max-video-preview:-1"},"canonical":"https:\/\/savonnerie.be\/factory\/qualitysoap\/","og_locale":"en_US","og_type":"article","og_title":"Quality & tradition - Savonneries Bruxelloises","og_description":"Savonneries Bruxelloises has over the years established itself as Belgium\u2019s premier soap maker. Traditional methods of manufacture and finest of fragrances.","og_url":"https:\/\/savonnerie.be\/factory\/qualitysoap\/","og_site_name":"Savonneries Bruxelloises","article_modified_time":"2020-04-25T10:07:31+00:00","og_image":[{"url":"http:\/\/savonnerie.be\/factory\/wp-content\/uploads\/2014\/03\/entryfactory.jpg","type":"","width":"","height":""}],"twitter_misc":{"Est. reading time":"1 minute"},"schema":{"@context":"https:\/\/schema.org","@graph":[{"@type":"WebPage","@id":"https:\/\/savonnerie.be\/factory\/qualitysoap\/","url":"https:\/\/savonnerie.be\/factory\/qualitysoap\/","name":"Quality & tradition - Savonneries Bruxelloises","isPartOf":{"@id":"https:\/\/savonnerie.be\/factory\/#website"},"primaryImageOfPage":{"@id":"https:\/\/savonnerie.be\/factory\/qualitysoap\/#primaryimage"},"image":{"@id":"https:\/\/savonnerie.be\/factory\/qualitysoap\/#primaryimage"},"thumbnailUrl":"http:\/\/savonnerie.be\/factory\/wp-content\/uploads\/2014\/03\/entryfactory.jpg","datePublished":"2014-05-31T16:44:24+00:00","dateModified":"2020-04-25T10:07:31+00:00","description":"Savonneries Bruxelloises has over the years established itself as Belgium\u2019s premier soap maker. Traditional methods of manufacture and finest of fragrances.","breadcrumb":{"@id":"https:\/\/savonnerie.be\/factory\/qualitysoap\/#breadcrumb"},"inLanguage":"en-US","potentialAction":[{"@type":"ReadAction","target":["https:\/\/savonnerie.be\/factory\/qualitysoap\/"]}]},{"@type":"ImageObject","inLanguage":"en-US","@id":"https:\/\/savonnerie.be\/factory\/qualitysoap\/#primaryimage","url":"http:\/\/savonnerie.be\/factory\/wp-content\/uploads\/2014\/03\/entryfactory.jpg","contentUrl":"http:\/\/savonnerie.be\/factory\/wp-content\/uploads\/2014\/03\/entryfactory.jpg"},{"@type":"BreadcrumbList","@id":"https:\/\/savonnerie.be\/factory\/qualitysoap\/#breadcrumb","itemListElement":[{"@type":"ListItem","position":1,"name":"Home","item":"https:\/\/savonnerie.be\/factory\/"},{"@type":"ListItem","position":2,"name":"Quality &#038; tradition"}]},{"@type":"WebSite","@id":"https:\/\/savonnerie.be\/factory\/#website","url":"https:\/\/savonnerie.be\/factory\/","name":"Savonneries Bruxelloises","description":"Soap manufacturer Brussels","potentialAction":[{"@type":"SearchAction","target":{"@type":"EntryPoint","urlTemplate":"https:\/\/savonnerie.be\/factory\/?s={search_term_string}"},"query-input":{"@type":"PropertyValueSpecification","valueRequired":true,"valueName":"search_term_string"}}],"inLanguage":"en-US"}]}},"_links":{"self":[{"href":"https:\/\/savonnerie.be\/factory\/wp-json\/wp\/v2\/pages\/1817","targetHints":{"allow":["GET"]}}],"collection":[{"href":"https:\/\/savonnerie.be\/factory\/wp-json\/wp\/v2\/pages"}],"about":[{"href":"https:\/\/savonnerie.be\/factory\/wp-json\/wp\/v2\/types\/page"}],"author":[{"embeddable":true,"href":"https:\/\/savonnerie.be\/factory\/wp-json\/wp\/v2\/users\/3"}],"replies":[{"embeddable":true,"href":"https:\/\/savonnerie.be\/factory\/wp-json\/wp\/v2\/comments?post=1817"}],"version-history":[{"count":10,"href":"https:\/\/savonnerie.be\/factory\/wp-json\/wp\/v2\/pages\/1817\/revisions"}],"predecessor-version":[{"id":2058,"href":"https:\/\/savonnerie.be\/factory\/wp-json\/wp\/v2\/pages\/1817\/revisions\/2058"}],"wp:attachment":[{"href":"https:\/\/savonnerie.be\/factory\/wp-json\/wp\/v2\/media?parent=1817"}],"curies":[{"name":"wp","href":"https:\/\/api.w.org\/{rel}","templated":true}]}}